{"id":8675,"date":"2023-02-28T16:55:07","date_gmt":"2023-02-28T13:55:07","guid":{"rendered":"http:\/\/newresimtablo.com.tr\/?post_type=product&#038;p=8675"},"modified":"2024-07-30T01:15:00","modified_gmt":"2024-07-29T22:15:00","slug":"siyah-beyaz-ataturk-portresi-kanvas-tablo-5","status":"publish","type":"product","link":"https:\/\/www.newresimtablo.com.tr\/index.php\/product\/siyah-beyaz-ataturk-portresi-kanvas-tablo-5\/","title":{"rendered":"S\u0130YAH BEYAZ ATAT\u00dcRK PORTRES\u0130 KANVAS TABLO 40X60"},"content":{"rendered":"<h3>%100 Pamuk Kuma\u015f<\/h3>\n<p>T\u00fcm kanvas tablolar\u0131m\u0131zda 370gr\/m<sup>2<\/sup>\u00a0%100 pamuk astarl\u0131 birinci s\u0131n\u0131f sanatsal kanvas kuma\u015flar kullan\u0131lmaktad\u0131r. Sa\u011fl\u0131\u011fa zararl\u0131 madde bulunmamaktad\u0131r. PVC, asit veya herhangi bir kanserojen madde i\u00e7ermez.<\/p>\n<p>%100 pamuktan \u00fcretilen kanvas kuma\u015flar, uzun y\u0131llar boyunca dayan\u0131kl\u0131 bir bi\u00e7imde \u00fcr\u00fcn\u00fcn\u00fcz\u00fc kullanman\u0131z\u0131 sa\u011flar. Siyah Beyaz Atat\u00fcrk Portresi Kanvas Tablo ve di\u011fer t\u00fcm tablolar profesyonel i\u015f\u00e7ilik ile haz\u0131rlan\u0131r.<\/p>\n<h3>Birinci S\u0131n\u0131f \u0130\u015f\u00e7ilik<\/h3>\n<p>Tablolarda kullan\u0131lan ah\u015fap \u00e7er\u00e7eveler birinci s\u0131n\u0131f \u00e7am a\u011fac\u0131ndan imal edilmektedir. Kullan\u0131lan \u00e7am \u00e7er\u00e7eveler kurutulmu\u015f ve f\u0131r\u0131nlanm\u0131\u015ft\u0131r. Siyah Beyaz Atat\u00fcrk Portresi Kanvas Tablo ve di\u011fer t\u00fcm \u00fcr\u00fcnlerde ah\u015fap \u015faseler 3x3cm kal\u0131nl\u0131\u011fa sahiptir.<\/p>\n<p>Ah\u015fap kasna\u011f\u0131n g\u00fc\u00e7l\u00fc yap\u0131s\u0131 sayesinde, tabloya herhangi bir fiziksel darbe oldu\u011funda dahi g\u00fc\u00e7l\u00fc yap\u0131s\u0131n\u0131 korumaktad\u0131r.<\/p>\n<h3>Ultra \u00c7\u00f6z\u00fcn\u00fcrl\u00fckl\u00fc Bask\u0131<\/h3>\n<p>Makina parkurumuzda bulunan t\u00fcm y\u00fcksek \u00e7\u00f6z\u00fcn\u00fcrl\u00fckl\u00fc dijital bask\u0131 makinalar\u0131 2022 ve 2023 modeldir. 2440 DPI bask\u0131 \u00e7\u00f6z\u00fcn\u00fcrl\u00fc\u011f\u00fcne sahiptir. Solvent m\u00fcrekkep kullan\u0131lmaz, su bazl\u0131 HP vivera m\u00fcrekkepler kullan\u0131l\u0131r.<\/p>\n<p>\u00c7ok uzun y\u0131llar ayn\u0131 renk, \u0131\u015f\u0131k ve doku kalitesini korumaktad\u0131r. Siyah Beyaz Atat\u00fcrk Portresi Kanvas Tablo\u00a0ve di\u011fer t\u00fcm \u00fcr\u00fcnler g\u00fcne\u015f, \u0131\u015f\u0131k, fla\u015f gibi etkenlerden etkilenmez.<\/p>\n","protected":false},"excerpt":{"rendered":"<p>\u00c7ok uzun y\u0131llar ayn\u0131 renk, \u0131\u015f\u0131k ve doku kalitesini korumaktad\u0131r. Siyah Beyaz Atat\u00fcrk Portresi Kanvas Tablo\u00a0ve di\u011fer t\u00fcm \u00fcr\u00fcnler g\u00fcne\u015f, \u0131\u015f\u0131k, fla\u015f gibi etkenlerden etkilenmez.<\/p>\n","protected":false},"featured_media":8661,"comment_status":"open","ping_status":"closed","template":"","meta":{"_crdt_document":""},"product_cat":[15,156],"product_tag":[],"class_list":{"0":"post-8675","1":"product","2":"type-product","3":"status-publish","4":"has-post-thumbnail","6":"product_cat-genel","7":"product_cat-ataturk-tablolari","10":"instock","11":"taxable","12":"shipping-taxable","13":"purchasable","14":"product-type-simple"},"jetpack_sharing_enabled":true,"_links":{"self":[{"href":"https:\/\/www.newresimtablo.com.tr\/index.php\/wp-json\/wp\/v2\/product\/8675","targetHints":{"allow":["GET"]}}],"collection":[{"href":"https:\/\/www.newresimtablo.com.tr\/index.php\/wp-json\/wp\/v2\/product"}],"about":[{"href":"https:\/\/www.newresimtablo.com.tr\/index.php\/wp-json\/wp\/v2\/types\/product"}],"replies":[{"embeddable":true,"href":"https:\/\/www.newresimtablo.com.tr\/index.php\/wp-json\/wp\/v2\/comments?post=8675"}],"version-history":[{"count":3,"href":"https:\/\/www.newresimtablo.com.tr\/index.php\/wp-json\/wp\/v2\/product\/8675\/revisions"}],"predecessor-version":[{"id":9127,"href":"https:\/\/www.newresimtablo.com.tr\/index.php\/wp-json\/wp\/v2\/product\/8675\/revisions\/9127"}],"wp:featuredmedia":[{"embeddable":true,"href":"https:\/\/www.newresimtablo.com.tr\/index.php\/wp-json\/wp\/v2\/media\/8661"}],"wp:attachment":[{"href":"https:\/\/www.newresimtablo.com.tr\/index.php\/wp-json\/wp\/v2\/media?parent=8675"}],"wp:term":[{"taxonomy":"product_cat","embeddable":true,"href":"https:\/\/www.newresimtablo.com.tr\/index.php\/wp-json\/wp\/v2\/product_cat?post=8675"},{"taxonomy":"product_tag","embeddable":true,"href":"https:\/\/www.newresimtablo.com.tr\/index.php\/wp-json\/wp\/v2\/product_tag?post=8675"}],"curies":[{"name":"wp","href":"https:\/\/api.w.org\/{rel}","templated":true}]}}