{"id":8897,"date":"2023-04-03T17:26:15","date_gmt":"2023-04-03T14:26:15","guid":{"rendered":"https:\/\/www.newresimtablo.com.tr\/?post_type=product&#038;p=8897"},"modified":"2025-06-11T10:10:19","modified_gmt":"2025-06-11T07:10:19","slug":"ying-yang-dekoratif-kanvas-tablo-100x100","status":"publish","type":"product","link":"https:\/\/www.newresimtablo.com.tr\/index.php\/product\/ying-yang-dekoratif-kanvas-tablo-100x100\/","title":{"rendered":"Y\u0130NG YANG DEKORAT\u0130F KANVAS TABLO 100X100"},"content":{"rendered":"<div id=\"productDescription_feature_div\" class=\"celwidget\" data-feature-name=\"productDescription_EU\" data-csa-c-type=\"widget\" data-csa-c-content-id=\"productDescription_EU\" data-csa-c-slot-id=\"productDescription_feature_div\" data-csa-c-asin=\"\" data-csa-c-is-in-initial-active-row=\"false\" data-csa-c-id=\"rwcxyt-2lssb3-98p1nd-hi8bhq\" data-cel-widget=\"productDescription_feature_div\">\n<div>\n<div id=\"productDescription_feature_div\" class=\"a-row feature\" data-feature-name=\"productDescription\" data-template-name=\"productDescription\" data-cel-widget=\"productDescription_feature_div\">\n<div id=\"productDescription\" class=\"a-section a-spacing-small\">\n<p><span class=\"a-text-bold\">Dekoratif Kanvas Tablo se\u00e7imi yaparken l\u00fctfen;<\/span><\/p>\n<p>\u00dcr\u00fcn g\u00f6rselindeki ebatlar yan\u0131lt\u0131c\u0131 olabilir.<br \/>\nAlaca\u011f\u0131n\u0131z tablonun ebatlar\u0131n\u0131 asaca\u011f\u0131n\u0131z yerde \u00f6nceden \u00f6l\u00e7\u00fcm yaparak de\u011ferlendirmenizi \u00f6neririz.<\/p>\n<p><span class=\"a-text-bold\">Tablolar\u0131n \u00f6zellikleri;<\/span><\/p>\n<p>340gr %100 pamuklu, birinci s\u0131n\u0131f kanvas kuma\u015fa bask\u0131 ald\u0131\u011f\u0131m\u0131z t\u00fcm tablolar\u0131m\u0131z kurutulmu\u015f \u00e7am \u015faselere \u00f6zenle monde edilmektedir.<br \/>\nBask\u0131lar\u0131m\u0131z HP markal\u0131 st\u00fcdyo tipi makinelerde y\u00fcksek \u00e7\u00f6z\u00fcn\u00fcrl\u00fckl\u00fc g\u00f6rsel ar\u015fivimiz kullan\u0131larak haz\u0131rlanmaktad\u0131r.<br \/>\nT\u00fcm tablolar bask\u0131 sonras\u0131 verniklenir. B\u00f6ylelikle renklerin solmas\u0131 engellenir, her zaman ilk g\u00fcnk\u00fc renklerini korur.<br \/>\nTablolar\u0131m\u0131z\u0131 sizlere g\u00f6ndermeden \u00f6nce koruyucu naylon ile kaplan\u0131r. Sonras\u0131nda \u00f6zel \u00fcretim kal\u0131n kolilerine \u00f6zenle yerle\u015ftirilip karo a\u015famas\u0131na ge\u00e7ilir.<\/p>\n<p><span class=\"a-text-bold\">Tablolar\u0131n Temizli\u011fi Nas\u0131l Yap\u0131lmal\u0131?<\/span><\/p>\n<p>Yumu\u015fak bir toz f\u0131r\u00e7as\u0131yla bast\u0131rmadan tozu al\u0131nabilir,<\/p>\n<p>Dikkat edilmesi gereken hususlar;<\/p>\n<p>Nem, rutubet, do\u011frudan g\u00fcne\u015ften uzak tutulmas\u0131 gerekir.<\/p>\n<p>&nbsp;<\/p>\n<\/div>\n<\/div>\n<\/div>\n<\/div>\n<div id=\"renewedProgramDescriptionBtf_feature_div\" class=\"celwidget\" data-feature-name=\"renewedProgramDescriptionBtf_EU\" data-csa-c-type=\"widget\" data-csa-c-content-id=\"renewedProgramDescriptionBtf_EU\" data-csa-c-slot-id=\"renewedProgramDescriptionBtf_feature_div\" data-csa-c-asin=\"\" data-csa-c-is-in-initial-active-row=\"false\" data-csa-c-id=\"sbjfn6-p5b20o-zgesfs-qbi8zd\" data-cel-widget=\"renewedProgramDescriptionBtf_feature_div\"><\/div>\n<div id=\"climatePledgeFriendlyBTF_feature_div\" class=\"celwidget\" data-feature-name=\"climatePledgeFriendlyBTF_EU\" data-csa-c-type=\"widget\" data-csa-c-content-id=\"climatePledgeFriendlyBTF_EU\" data-csa-c-slot-id=\"climatePledgeFriendlyBTF_feature_div\" data-csa-c-asin=\"\" data-csa-c-is-in-initial-active-row=\"false\" data-csa-c-id=\"9r2ccd-uvcqhx-g4gnb9-y43ix9\" data-cel-widget=\"climatePledgeFriendlyBTF_feature_div\"><\/div>\n<div id=\"aplusBrandStory_feature_div\" class=\"celwidget\" data-feature-name=\"aplusBrandStory\" data-csa-c-type=\"widget\" data-csa-c-content-id=\"aplusBrandStory\" data-csa-c-slot-id=\"aplusBrandStory_feature_div\" data-csa-c-asin=\"\" data-csa-c-is-in-initial-active-row=\"false\" data-csa-c-id=\"eagb8o-iq5qmt-neu98o-vr2r78\" data-cel-widget=\"aplusBrandStory_feature_div\"><\/div>\n<div id=\"aplus_feature_div\" class=\"celwidget\" data-feature-name=\"aplus\" data-csa-c-type=\"widget\" data-csa-c-content-id=\"aplus\" data-csa-c-slot-id=\"aplus_feature_div\" data-csa-c-asin=\"\" data-csa-c-is-in-initial-active-row=\"false\" data-csa-c-id=\"du5r1r-2b540n-4cg226-owwv2d\" data-cel-widget=\"aplus_feature_div\"><\/div>\n<div id=\"importantInformation_feature_div\" class=\"celwidget\" data-feature-name=\"importantInformationEU\" data-csa-c-type=\"widget\" data-csa-c-content-id=\"importantInformationEU\" data-csa-c-slot-id=\"importantInformation_feature_div\" data-csa-c-asin=\"\" data-csa-c-is-in-initial-active-row=\"false\" data-csa-c-id=\"cmt9fb-yun1m5-8kiaub-7re9ki\" data-cel-widget=\"importantInformation_feature_div\"><\/div>\n<div id=\"similarities_feature_div\" class=\"celwidget\" data-feature-name=\"similarities\" data-csa-c-type=\"widget\" data-csa-c-content-id=\"similarities\" data-csa-c-slot-id=\"similarities_feature_div\" data-csa-c-asin=\"\" data-csa-c-is-in-initial-active-row=\"false\" data-csa-c-id=\"lk99jn-l34raz-tagish-7xumpu\" data-cel-widget=\"similarities_feature_div\">\n<div class=\"celwidget\" data-csa-c-id=\"23vjfe-vw2577-myoqxb-nzyay4\" data-cel-widget=\"sims-consolidated-3_csm_instrumentation_wrapper\">\n<div id=\"DPSims_sims-container_desktop-dp-sims_2_container\">\n<div class=\"widget-html-container\">\n<div class=\"celwidget pd_rd_w-UF3lq content-id-amzn1.sym.a70b539e-9b69-400e-817b-40187643da50 pf_rd_p-a70b539e-9b69-400e-817b-40187643da50 pf_rd_r-B4HTBQBBQPA7PHE3J9WC pd_rd_wg-n6Slq pd_rd_r-6c493d7b-7918-4535-a88f-8ecf00226a17 c-f\" data-csa-op-log-render=\"\" data-csa-c-content-id=\"amzn1.sym.a70b539e-9b69-400e-817b-40187643da50\" data-csa-c-slot-id=\"sims-container-3\" data-csa-c-type=\"widget\" data-csa-c-painter=\"p13n-desktop-carousel-cards\" data-csa-c-id=\"x75nyh-9x3s0s-9zji1c-81og1o\" data-cel-widget=\"p13n-desktop-carousel_DPSims_2\"><\/div>\n<\/div>\n<\/div>\n<\/div>\n<\/div>\n","protected":false},"excerpt":{"rendered":"<p>340 GR PAMUKLU KANVAS BEZ\u0130 DEKORAT\u0130F Y\u0130NG YANG TABLOSU<\/p>\n","protected":false},"featured_media":8905,"comment_status":"open","ping_status":"closed","template":"","meta":{"_crdt_document":""},"product_cat":[15],"product_tag":[],"class_list":{"0":"post-8897","1":"product","2":"type-product","3":"status-publish","4":"has-post-thumbnail","6":"product_cat-genel","9":"instock","10":"sale","11":"taxable","12":"shipping-taxable","13":"purchasable","14":"product-type-simple"},"jetpack_sharing_enabled":true,"_links":{"self":[{"href":"https:\/\/www.newresimtablo.com.tr\/index.php\/wp-json\/wp\/v2\/product\/8897","targetHints":{"allow":["GET"]}}],"collection":[{"href":"https:\/\/www.newresimtablo.com.tr\/index.php\/wp-json\/wp\/v2\/product"}],"about":[{"href":"https:\/\/www.newresimtablo.com.tr\/index.php\/wp-json\/wp\/v2\/types\/product"}],"replies":[{"embeddable":true,"href":"https:\/\/www.newresimtablo.com.tr\/index.php\/wp-json\/wp\/v2\/comments?post=8897"}],"version-history":[{"count":2,"href":"https:\/\/www.newresimtablo.com.tr\/index.php\/wp-json\/wp\/v2\/product\/8897\/revisions"}],"predecessor-version":[{"id":8915,"href":"https:\/\/www.newresimtablo.com.tr\/index.php\/wp-json\/wp\/v2\/product\/8897\/revisions\/8915"}],"wp:featuredmedia":[{"embeddable":true,"href":"https:\/\/www.newresimtablo.com.tr\/index.php\/wp-json\/wp\/v2\/media\/8905"}],"wp:attachment":[{"href":"https:\/\/www.newresimtablo.com.tr\/index.php\/wp-json\/wp\/v2\/media?parent=8897"}],"wp:term":[{"taxonomy":"product_cat","embeddable":true,"href":"https:\/\/www.newresimtablo.com.tr\/index.php\/wp-json\/wp\/v2\/product_cat?post=8897"},{"taxonomy":"product_tag","embeddable":true,"href":"https:\/\/www.newresimtablo.com.tr\/index.php\/wp-json\/wp\/v2\/product_tag?post=8897"}],"curies":[{"name":"wp","href":"https:\/\/api.w.org\/{rel}","templated":true}]}}