{"id":9016,"date":"2024-02-13T13:29:11","date_gmt":"2024-02-13T10:29:11","guid":{"rendered":"https:\/\/www.newresimtablo.com.tr\/?post_type=product&#038;p=9016"},"modified":"2024-02-13T14:30:52","modified_gmt":"2024-02-13T11:30:52","slug":"takvim-500-adet-ozel-karton-selefonsuz-34x49","status":"publish","type":"product","link":"https:\/\/www.newresimtablo.com.tr\/index.php\/product\/takvim-500-adet-ozel-karton-selefonsuz-34x49\/","title":{"rendered":"TAKV\u0130M 500 ADET  \u00d6ZEL KARTON SELEFONSUZ 34X49"},"content":{"rendered":"<p>FARKLI TAKV\u0130M \u00c7E\u015e\u0130TLER\u0130 \u0130\u00c7\u0130N \u0130LET\u0130\u015e\u0130ME GE\u00c7\u0130N\u0130Z<\/p>\n","protected":false},"excerpt":{"rendered":"<p>FARKLI TAKV\u0130M \u00c7E\u015e\u0130TLER\u0130 \u0130\u00c7\u0130N \u0130LET\u0130\u015e\u0130ME GE\u00c7\u0130N\u0130Z<\/p>\n","protected":false},"featured_media":9017,"comment_status":"open","ping_status":"closed","template":"","meta":{"_crdt_document":""},"product_cat":[196],"product_tag":[],"class_list":{"0":"post-9016","1":"product","2":"type-product","3":"status-publish","4":"has-post-thumbnail","6":"product_cat-takvim","9":"instock","10":"taxable","11":"shipping-taxable","12":"purchasable","13":"product-type-simple"},"jetpack_sharing_enabled":true,"_links":{"self":[{"href":"https:\/\/www.newresimtablo.com.tr\/index.php\/wp-json\/wp\/v2\/product\/9016","targetHints":{"allow":["GET"]}}],"collection":[{"href":"https:\/\/www.newresimtablo.com.tr\/index.php\/wp-json\/wp\/v2\/product"}],"about":[{"href":"https:\/\/www.newresimtablo.com.tr\/index.php\/wp-json\/wp\/v2\/types\/product"}],"replies":[{"embeddable":true,"href":"https:\/\/www.newresimtablo.com.tr\/index.php\/wp-json\/wp\/v2\/comments?post=9016"}],"version-history":[{"count":1,"href":"https:\/\/www.newresimtablo.com.tr\/index.php\/wp-json\/wp\/v2\/product\/9016\/revisions"}],"predecessor-version":[{"id":9018,"href":"https:\/\/www.newresimtablo.com.tr\/index.php\/wp-json\/wp\/v2\/product\/9016\/revisions\/9018"}],"wp:featuredmedia":[{"embeddable":true,"href":"https:\/\/www.newresimtablo.com.tr\/index.php\/wp-json\/wp\/v2\/media\/9017"}],"wp:attachment":[{"href":"https:\/\/www.newresimtablo.com.tr\/index.php\/wp-json\/wp\/v2\/media?parent=9016"}],"wp:term":[{"taxonomy":"product_cat","embeddable":true,"href":"https:\/\/www.newresimtablo.com.tr\/index.php\/wp-json\/wp\/v2\/product_cat?post=9016"},{"taxonomy":"product_tag","embeddable":true,"href":"https:\/\/www.newresimtablo.com.tr\/index.php\/wp-json\/wp\/v2\/product_tag?post=9016"}],"curies":[{"name":"wp","href":"https:\/\/api.w.org\/{rel}","templated":true}]}}