{"id":9073,"date":"2024-03-08T19:07:15","date_gmt":"2024-03-08T16:07:15","guid":{"rendered":"https:\/\/www.newresimtablo.com.tr\/?post_type=product&#038;p=9073"},"modified":"2025-06-11T09:53:22","modified_gmt":"2025-06-11T06:53:22","slug":"francis-picabia-atrata-kanvas-tablo-70x100","status":"publish","type":"product","link":"https:\/\/www.newresimtablo.com.tr\/index.php\/product\/francis-picabia-atrata-kanvas-tablo-70x100\/","title":{"rendered":"FRANCIS PICABIA ATRATA KANVAS TABLO 70&#215;100"},"content":{"rendered":"<ul class=\"detail-desc-list\">\n<li>\u00dcR\u00dcNLER\u0130M\u0130Z %100 YERL\u0130 MALZEMELERLE \u00dcRET\u0130LM\u0130\u015eT\u0130R. Ressamlar\u0131m\u0131z taraf\u0131ndan \u00f6zenle spat\u00fcl tekni\u011fi ile efektlendirilmi\u015f ve \u00f6zel f\u0131r\u0131nda kurutulmu\u015f kanvas bask\u0131l\u0131d\u0131r. \u00c7er\u00e7evesiz, kasna\u011fa gerilmi\u015f olarak g\u00f6nderim sa\u011flanmaktad\u0131r. \u00dcst kalite standartlar\u0131nda \u00fcretilmi\u015f polyester beze bas\u0131lm\u0131\u015ft\u0131r. Renk dayan\u0131kl\u0131l\u0131\u011f\u0131n\u0131 garanti alt\u0131na almak i\u00e7in \u00f6zel solusyonlar ile kaplayarak, f\u0131r\u0131nlanm\u0131\u015f a\u011fa\u00e7 profillerine montajlanm\u0131\u015ft\u0131r. Logolu dayan\u0131kl\u0131 mukavva kutu \u00fczerine bir kat balonlu nylon ile sat\u0131larak g\u00f6nderilir. Kolinizi a\u00e7t\u0131\u011f\u0131n\u0131z anda duvar\u0131n\u0131zadaki yerini almaya haz\u0131rd\u0131r. \u2013<\/li>\n<li>\u00dcR\u00dcN DER\u0130 G\u00d6R\u00dcN\u00dcML\u00dcD\u00dcR 1. KAL\u0130TED\u0130R<\/li>\n<li>BOYUTLAR \u0130\u00c7\u0130N \u0130LET\u0130\u015e\u0130ME GE\u00c7\u0130N\u0130Z.<\/li>\n<\/ul>\n","protected":false},"excerpt":{"rendered":"<p>\u00dcR\u00dcNLER\u0130M\u0130Z %100 YERL\u0130 MALZEMELERLE \u00dcRET\u0130LM\u0130\u015eT\u0130R. Ressamlar\u0131m\u0131z taraf\u0131ndan \u00f6zenle spat\u00fcl tekni\u011fi ile efektlendirilmi\u015f ve \u00f6zel f\u0131r\u0131nda kurutulmu\u015f kanvas bask\u0131l\u0131d\u0131r. \u00c7er\u00e7evesiz, kasna\u011fa gerilmi\u015f olarak g\u00f6nderim sa\u011flanmaktad\u0131r. \u00dcst kalite standartlar\u0131nda \u00fcretilmi\u015f polyester beze bas\u0131lm\u0131\u015ft\u0131r. Renk dayan\u0131kl\u0131l\u0131\u011f\u0131n\u0131 garanti alt\u0131na almak i\u00e7in \u00f6zel solusyonlar ile kaplayarak, f\u0131r\u0131nlanm\u0131\u015f a\u011fa\u00e7 profillerine montajlanm\u0131\u015ft\u0131r. Logolu dayan\u0131kl\u0131 mukavva kutu \u00fczerine bir kat balonlu nylon ile &hellip; <a href=\"https:\/\/www.newresimtablo.com.tr\/index.php\/product\/francis-picabia-atrata-kanvas-tablo-70x100\/\" class=\"more-link\">Continue reading <span class=\"screen-reader-text\">FRANCIS PICABIA ATRATA KANVAS TABLO 70&#215;100<\/span><\/a><\/p>\n","protected":false},"featured_media":9065,"comment_status":"open","ping_status":"closed","template":"","meta":{"_crdt_document":""},"product_cat":[15],"product_tag":[],"class_list":{"0":"post-9073","1":"product","2":"type-product","3":"status-publish","4":"has-post-thumbnail","6":"product_cat-genel","9":"instock","10":"taxable","11":"shipping-taxable","12":"purchasable","13":"product-type-simple"},"jetpack_sharing_enabled":true,"_links":{"self":[{"href":"https:\/\/www.newresimtablo.com.tr\/index.php\/wp-json\/wp\/v2\/product\/9073","targetHints":{"allow":["GET"]}}],"collection":[{"href":"https:\/\/www.newresimtablo.com.tr\/index.php\/wp-json\/wp\/v2\/product"}],"about":[{"href":"https:\/\/www.newresimtablo.com.tr\/index.php\/wp-json\/wp\/v2\/types\/product"}],"replies":[{"embeddable":true,"href":"https:\/\/www.newresimtablo.com.tr\/index.php\/wp-json\/wp\/v2\/comments?post=9073"}],"version-history":[{"count":2,"href":"https:\/\/www.newresimtablo.com.tr\/index.php\/wp-json\/wp\/v2\/product\/9073\/revisions"}],"predecessor-version":[{"id":9119,"href":"https:\/\/www.newresimtablo.com.tr\/index.php\/wp-json\/wp\/v2\/product\/9073\/revisions\/9119"}],"wp:featuredmedia":[{"embeddable":true,"href":"https:\/\/www.newresimtablo.com.tr\/index.php\/wp-json\/wp\/v2\/media\/9065"}],"wp:attachment":[{"href":"https:\/\/www.newresimtablo.com.tr\/index.php\/wp-json\/wp\/v2\/media?parent=9073"}],"wp:term":[{"taxonomy":"product_cat","embeddable":true,"href":"https:\/\/www.newresimtablo.com.tr\/index.php\/wp-json\/wp\/v2\/product_cat?post=9073"},{"taxonomy":"product_tag","embeddable":true,"href":"https:\/\/www.newresimtablo.com.tr\/index.php\/wp-json\/wp\/v2\/product_tag?post=9073"}],"curies":[{"name":"wp","href":"https:\/\/api.w.org\/{rel}","templated":true}]}}