{"id":9083,"date":"2024-03-25T17:23:27","date_gmt":"2024-03-25T14:23:27","guid":{"rendered":"https:\/\/www.newresimtablo.com.tr\/?post_type=product&#038;p=9083"},"modified":"2025-06-11T10:02:22","modified_gmt":"2025-06-11T07:02:22","slug":"rembrandt-hz-musa-ve-on-emir-tableti-kanvas-tablo-80x120","status":"publish","type":"product","link":"https:\/\/www.newresimtablo.com.tr\/index.php\/product\/rembrandt-hz-musa-ve-on-emir-tableti-kanvas-tablo-80x120\/","title":{"rendered":"REMBRANDT HZ MUSA VE ON EMIR TABLETI KANVAS TABLO 90\u00d7100"},"content":{"rendered":"<p><span class=\"a-text-bold\">FARKLI BOYUTLAR \u0130\u00c7\u0130N \u0130LET\u0130\u015e\u0130ME GE\u00c7\u0130N\u0130Z<\/span><\/p>\n<p><span class=\"a-text-bold\">Dekoratif Kanvas Tablo se\u00e7imi yaparken l\u00fctfen;<\/span><\/p>\n<p>\u00dcr\u00fcn g\u00f6rselindeki ebatlar yan\u0131lt\u0131c\u0131 olabilir.<br \/>\nAlaca\u011f\u0131n\u0131z tablonun ebatlar\u0131n\u0131 asaca\u011f\u0131n\u0131z yerde \u00f6nceden \u00f6l\u00e7\u00fcm yaparak de\u011ferlendirmenizi \u00f6neririz.<\/p>\n<p><span class=\"a-text-bold\">Tablolar\u0131n \u00f6zellikleri;<\/span><\/p>\n<p>340gr %100 pamuklu, birinci s\u0131n\u0131f kanvas kuma\u015fa bask\u0131 ald\u0131\u011f\u0131m\u0131z t\u00fcm tablolar\u0131m\u0131z kurutulmu\u015f \u00e7am \u015faselere \u00f6zenle monde edilmektedir.<br \/>\nBask\u0131lar\u0131m\u0131z HP markal\u0131 st\u00fcdyo tipi makinelerde y\u00fcksek \u00e7\u00f6z\u00fcn\u00fcrl\u00fckl\u00fc g\u00f6rsel ar\u015fivimiz kullan\u0131larak haz\u0131rlanmaktad\u0131r.<br \/>\nT\u00fcm tablolar bask\u0131 sonras\u0131 verniklenir. B\u00f6ylelikle renklerin solmas\u0131 engellenir, her zaman ilk g\u00fcnk\u00fc renklerini korur.<br \/>\nTablolar\u0131m\u0131z\u0131 sizlere g\u00f6ndermeden \u00f6nce koruyucu naylon ile kaplan\u0131r. Sonras\u0131nda \u00f6zel \u00fcretim kal\u0131n kolilerine \u00f6zenle yerle\u015ftirilip karo a\u015famas\u0131na ge\u00e7ilir.<\/p>\n<p><span class=\"a-text-bold\">Tablolar\u0131n Temizli\u011fi Nas\u0131l Yap\u0131lmal\u0131?<\/span><\/p>\n<p>Yumu\u015fak bir toz f\u0131r\u00e7as\u0131yla bast\u0131rmadan tozu al\u0131nabilir,<\/p>\n<p>Dikkat edilmesi gereken hususlar;<\/p>\n<p>Nem, rutubet, do\u011frudan g\u00fcne\u015ften uzak tutulmas\u0131 gerekir.<\/p>\n","protected":false},"excerpt":{"rendered":"<p>FARKLI BOYUTLAR \u0130\u00c7\u0130N \u0130LET\u0130\u015e\u0130ME GE\u00c7\u0130N\u0130Z Dekoratif Kanvas Tablo se\u00e7imi yaparken l\u00fctfen; \u00dcr\u00fcn g\u00f6rselindeki ebatlar yan\u0131lt\u0131c\u0131 olabilir. Alaca\u011f\u0131n\u0131z tablonun ebatlar\u0131n\u0131 asaca\u011f\u0131n\u0131z yerde \u00f6nceden \u00f6l\u00e7\u00fcm yaparak de\u011ferlendirmenizi \u00f6neririz. Tablolar\u0131n \u00f6zellikleri; 340gr %100 pamuklu, birinci s\u0131n\u0131f kanvas kuma\u015fa bask\u0131 ald\u0131\u011f\u0131m\u0131z t\u00fcm tablolar\u0131m\u0131z kurutulmu\u015f \u00e7am \u015faselere \u00f6zenle monde edilmektedir. Bask\u0131lar\u0131m\u0131z HP markal\u0131 st\u00fcdyo tipi makinelerde y\u00fcksek \u00e7\u00f6z\u00fcn\u00fcrl\u00fckl\u00fc g\u00f6rsel ar\u015fivimiz &hellip; <a href=\"https:\/\/www.newresimtablo.com.tr\/index.php\/product\/rembrandt-hz-musa-ve-on-emir-tableti-kanvas-tablo-80x120\/\" class=\"more-link\">Continue reading <span class=\"screen-reader-text\">REMBRANDT HZ MUSA VE ON EMIR TABLETI KANVAS TABLO 90\u00d7100<\/span><\/a><\/p>\n","protected":false},"featured_media":9084,"comment_status":"open","ping_status":"closed","template":"","meta":{"_crdt_document":""},"product_cat":[15,158],"product_tag":[],"class_list":{"0":"post-9083","1":"product","2":"type-product","3":"status-publish","4":"has-post-thumbnail","6":"product_cat-genel","7":"product_cat-dini-tablolar","10":"instock","11":"taxable","12":"shipping-taxable","13":"purchasable","14":"product-type-simple"},"jetpack_sharing_enabled":true,"_links":{"self":[{"href":"https:\/\/www.newresimtablo.com.tr\/index.php\/wp-json\/wp\/v2\/product\/9083","targetHints":{"allow":["GET"]}}],"collection":[{"href":"https:\/\/www.newresimtablo.com.tr\/index.php\/wp-json\/wp\/v2\/product"}],"about":[{"href":"https:\/\/www.newresimtablo.com.tr\/index.php\/wp-json\/wp\/v2\/types\/product"}],"replies":[{"embeddable":true,"href":"https:\/\/www.newresimtablo.com.tr\/index.php\/wp-json\/wp\/v2\/comments?post=9083"}],"version-history":[{"count":4,"href":"https:\/\/www.newresimtablo.com.tr\/index.php\/wp-json\/wp\/v2\/product\/9083\/revisions"}],"predecessor-version":[{"id":9117,"href":"https:\/\/www.newresimtablo.com.tr\/index.php\/wp-json\/wp\/v2\/product\/9083\/revisions\/9117"}],"wp:featuredmedia":[{"embeddable":true,"href":"https:\/\/www.newresimtablo.com.tr\/index.php\/wp-json\/wp\/v2\/media\/9084"}],"wp:attachment":[{"href":"https:\/\/www.newresimtablo.com.tr\/index.php\/wp-json\/wp\/v2\/media?parent=9083"}],"wp:term":[{"taxonomy":"product_cat","embeddable":true,"href":"https:\/\/www.newresimtablo.com.tr\/index.php\/wp-json\/wp\/v2\/product_cat?post=9083"},{"taxonomy":"product_tag","embeddable":true,"href":"https:\/\/www.newresimtablo.com.tr\/index.php\/wp-json\/wp\/v2\/product_tag?post=9083"}],"curies":[{"name":"wp","href":"https:\/\/api.w.org\/{rel}","templated":true}]}}