{"id":9475,"date":"2025-04-19T19:12:41","date_gmt":"2025-04-19T16:12:41","guid":{"rendered":"https:\/\/www.newresimtablo.com.tr\/?post_type=product&#038;p=9475"},"modified":"2025-04-19T19:12:41","modified_gmt":"2025-04-19T16:12:41","slug":"klasik-edisyon-tablo-gece-ile-gun-arasinda","status":"publish","type":"product","link":"https:\/\/www.newresimtablo.com.tr\/index.php\/product\/klasik-edisyon-tablo-gece-ile-gun-arasinda\/","title":{"rendered":"Klasik Edisyon Tablo \/ Gece \u0130le G\u00fcn  Aras\u0131nda"},"content":{"rendered":"<p class=\"\" data-start=\"115\" data-end=\"372\"><strong data-start=\"115\" data-end=\"179\">Klasik Edisyon | Koleksiyonluk \u00d6zel Seri (40 Adetle S\u0131n\u0131rl\u0131)<\/strong><br data-start=\"179\" data-end=\"182\" \/>Sanat\u0131n zarafetiyle ustal\u0131\u011f\u0131n bulu\u015ftu\u011fu bu \u00f6zel edisyon tablo, sadece 40 adetle s\u0131n\u0131rl\u0131 olarak \u00fcretildi. Her bir eser, detaylara verilen \u00f6zenle ve zamans\u0131z bir \u015f\u0131kl\u0131k anlay\u0131\u015f\u0131yla haz\u0131rland\u0131.<\/p>\n<p class=\"\" data-start=\"374\" data-end=\"662\">Deri g\u00f6r\u00fcn\u00fcml\u00fc kanvas \u00fczerine uygulanan bask\u0131, sanat\u0131 dokunsal bir deneyime d\u00f6n\u00fc\u015ft\u00fcr\u00fcyor. Gold renk klasik \u00e7er\u00e7eve, esere asil bir siluet kazand\u0131r\u0131rken; beyaz paspartu ise tablonun etkileyicili\u011fini daha da \u00f6n plana \u00e7\u0131kar\u0131yor.<br data-start=\"599\" data-end=\"602\" \/>Her detay, klasik sanat tutkunlar\u0131 i\u00e7in \u00f6zel olarak se\u00e7ildi.<\/p>\n<p class=\"\" data-start=\"664\" data-end=\"815\">Bu nadide eser, ya\u015fam alanlar\u0131n\u0131za estetik bir de\u011fer katmakla kalmayacak; ayn\u0131 zamanda koleksiyonunuzda gururla sergileyece\u011finiz \u00f6zel bir par\u00e7a olacak.<\/p>\n<p class=\"\" data-start=\"817\" data-end=\"870\"><strong data-start=\"817\" data-end=\"870\">S\u0131n\u0131rl\u0131 Say\u0131da | Numara ve Sertifika ile G\u00f6nderim<\/strong><\/p>\n","protected":false},"excerpt":{"rendered":"<p class=\"\" data-start=\"115\" data-end=\"372\"><strong data-start=\"115\" data-end=\"179\">Klasik Edisyon | Koleksiyonluk \u00d6zel Seri (40 Adetle S\u0131n\u0131rl\u0131)<\/strong><br data-start=\"179\" data-end=\"182\" \/>Sanat\u0131n zarafetiyle ustal\u0131\u011f\u0131n bulu\u015ftu\u011fu bu \u00f6zel edisyon tablo, sadece 40 adetle s\u0131n\u0131rl\u0131 olarak \u00fcretildi. Her bir eser, detaylara verilen \u00f6zenle ve zamans\u0131z bir \u015f\u0131kl\u0131k anlay\u0131\u015f\u0131yla haz\u0131rland\u0131.<\/p>\n<p class=\"\" data-start=\"374\" data-end=\"662\">Deri g\u00f6r\u00fcn\u00fcml\u00fc kanvas \u00fczerine uygulanan bask\u0131, sanat\u0131 dokunsal bir deneyime d\u00f6n\u00fc\u015ft\u00fcr\u00fcyor. Gold renk klasik \u00e7er\u00e7eve, esere asil bir siluet kazand\u0131r\u0131rken; beyaz paspartu ise tablonun etkileyicili\u011fini daha da \u00f6n plana \u00e7\u0131kar\u0131yor.<br data-start=\"599\" data-end=\"602\" \/>Her detay, klasik sanat tutkunlar\u0131 i\u00e7in \u00f6zel olarak se\u00e7ildi.<\/p>\n<p class=\"\" data-start=\"664\" data-end=\"815\">Bu nadide eser, ya\u015fam alanlar\u0131n\u0131za estetik bir de\u011fer katmakla kalmayacak; ayn\u0131 zamanda koleksiyonunuzda gururla sergileyece\u011finiz \u00f6zel bir par\u00e7a olacak.<\/p>\n<p class=\"\" data-start=\"817\" data-end=\"870\"><strong data-start=\"817\" data-end=\"870\">S\u0131n\u0131rl\u0131 Say\u0131da | Numara ve Sertifika ile G\u00f6nderim<\/strong><\/p>\n","protected":false},"featured_media":9476,"comment_status":"open","ping_status":"closed","template":"","meta":{"_crdt_document":""},"product_cat":[209],"product_tag":[],"class_list":{"0":"post-9475","1":"product","2":"type-product","3":"status-publish","4":"has-post-thumbnail","6":"product_cat-koleksiyon","9":"instock","10":"sale","11":"taxable","12":"shipping-taxable","13":"purchasable","14":"product-type-simple"},"jetpack_sharing_enabled":true,"_links":{"self":[{"href":"https:\/\/www.newresimtablo.com.tr\/index.php\/wp-json\/wp\/v2\/product\/9475","targetHints":{"allow":["GET"]}}],"collection":[{"href":"https:\/\/www.newresimtablo.com.tr\/index.php\/wp-json\/wp\/v2\/product"}],"about":[{"href":"https:\/\/www.newresimtablo.com.tr\/index.php\/wp-json\/wp\/v2\/types\/product"}],"replies":[{"embeddable":true,"href":"https:\/\/www.newresimtablo.com.tr\/index.php\/wp-json\/wp\/v2\/comments?post=9475"}],"version-history":[{"count":1,"href":"https:\/\/www.newresimtablo.com.tr\/index.php\/wp-json\/wp\/v2\/product\/9475\/revisions"}],"predecessor-version":[{"id":9477,"href":"https:\/\/www.newresimtablo.com.tr\/index.php\/wp-json\/wp\/v2\/product\/9475\/revisions\/9477"}],"wp:featuredmedia":[{"embeddable":true,"href":"https:\/\/www.newresimtablo.com.tr\/index.php\/wp-json\/wp\/v2\/media\/9476"}],"wp:attachment":[{"href":"https:\/\/www.newresimtablo.com.tr\/index.php\/wp-json\/wp\/v2\/media?parent=9475"}],"wp:term":[{"taxonomy":"product_cat","embeddable":true,"href":"https:\/\/www.newresimtablo.com.tr\/index.php\/wp-json\/wp\/v2\/product_cat?post=9475"},{"taxonomy":"product_tag","embeddable":true,"href":"https:\/\/www.newresimtablo.com.tr\/index.php\/wp-json\/wp\/v2\/product_tag?post=9475"}],"curies":[{"name":"wp","href":"https:\/\/api.w.org\/{rel}","templated":true}]}}