{"id":9485,"date":"2025-04-20T17:20:56","date_gmt":"2025-04-20T14:20:56","guid":{"rendered":"https:\/\/www.newresimtablo.com.tr\/?post_type=product&#038;p=9485"},"modified":"2025-04-20T17:26:14","modified_gmt":"2025-04-20T14:26:14","slug":"premium-edisyon-sessiz-ufuklar","status":"publish","type":"product","link":"https:\/\/www.newresimtablo.com.tr\/index.php\/product\/premium-edisyon-sessiz-ufuklar\/","title":{"rendered":"Premium Edisyon &#8220;Sessiz Ufuklar&#8221;"},"content":{"rendered":"<p>Pembe, bej ve mavi tonlar\u0131n\u0131n incelikle ge\u00e7i\u015f yapt\u0131\u011f\u0131 bu minimal manzara resmi, uzak tepelerin ve vadilerin huzurlu sessizli\u011fini yans\u0131t\u0131r. Yumu\u015fak degradelerle \u00e7izilen ufuk \u00e7izgisi, izleyiciyi sonsuz bir dinginli\u011fe davet ederken, alt\u0131n sar\u0131s\u0131 \u00e7er\u00e7eve esere de\u011ferli bir zarafet katar. Hafif sisli atmosferi and\u0131ran lo\u015f ayd\u0131nlatma, \u201cSessiz Ufuklar\u201d\u0131 s\u0131n\u0131rl\u0131 edisyon koleksiyonunuzun en sakinle\u015ftirici ve meditatif par\u00e7as\u0131 haline\u00a0getiriyor.<\/p>\n","protected":false},"excerpt":{"rendered":"<p>Pembe, bej ve mavi tonlar\u0131n\u0131n incelikle ge\u00e7i\u015f yapt\u0131\u011f\u0131 bu minimal manzara resmi, uzak tepelerin ve vadilerin huzurlu sessizli\u011fini yans\u0131t\u0131r. Yumu\u015fak degradelerle \u00e7izilen ufuk \u00e7izgisi, izleyiciyi sonsuz bir dinginli\u011fe davet ederken, alt\u0131n sar\u0131s\u0131 \u00e7er\u00e7eve esere de\u011ferli bir zarafet katar. Hafif sisli atmosferi and\u0131ran lo\u015f ayd\u0131nlatma, \u201cSessiz Ufuklar\u201d\u0131 s\u0131n\u0131rl\u0131 edisyon koleksiyonunuzun en sakinle\u015ftirici ve meditatif par\u00e7as\u0131 haline\u00a0getiriyor.<\/p>\n","protected":false},"featured_media":9482,"comment_status":"open","ping_status":"closed","template":"","meta":{"_crdt_document":""},"product_cat":[209],"product_tag":[214],"class_list":{"0":"post-9485","1":"product","2":"type-product","3":"status-publish","4":"has-post-thumbnail","6":"product_cat-koleksiyon","7":"product_tag-tablo","10":"instock","11":"sale","12":"taxable","13":"shipping-taxable","14":"purchasable","15":"product-type-simple"},"jetpack_sharing_enabled":true,"_links":{"self":[{"href":"https:\/\/www.newresimtablo.com.tr\/index.php\/wp-json\/wp\/v2\/product\/9485","targetHints":{"allow":["GET"]}}],"collection":[{"href":"https:\/\/www.newresimtablo.com.tr\/index.php\/wp-json\/wp\/v2\/product"}],"about":[{"href":"https:\/\/www.newresimtablo.com.tr\/index.php\/wp-json\/wp\/v2\/types\/product"}],"replies":[{"embeddable":true,"href":"https:\/\/www.newresimtablo.com.tr\/index.php\/wp-json\/wp\/v2\/comments?post=9485"}],"version-history":[{"count":1,"href":"https:\/\/www.newresimtablo.com.tr\/index.php\/wp-json\/wp\/v2\/product\/9485\/revisions"}],"predecessor-version":[{"id":9486,"href":"https:\/\/www.newresimtablo.com.tr\/index.php\/wp-json\/wp\/v2\/product\/9485\/revisions\/9486"}],"wp:featuredmedia":[{"embeddable":true,"href":"https:\/\/www.newresimtablo.com.tr\/index.php\/wp-json\/wp\/v2\/media\/9482"}],"wp:attachment":[{"href":"https:\/\/www.newresimtablo.com.tr\/index.php\/wp-json\/wp\/v2\/media?parent=9485"}],"wp:term":[{"taxonomy":"product_cat","embeddable":true,"href":"https:\/\/www.newresimtablo.com.tr\/index.php\/wp-json\/wp\/v2\/product_cat?post=9485"},{"taxonomy":"product_tag","embeddable":true,"href":"https:\/\/www.newresimtablo.com.tr\/index.php\/wp-json\/wp\/v2\/product_tag?post=9485"}],"curies":[{"name":"wp","href":"https:\/\/api.w.org\/{rel}","templated":true}]}}