{"id":9501,"date":"2025-04-21T22:00:41","date_gmt":"2025-04-21T19:00:41","guid":{"rendered":"https:\/\/www.newresimtablo.com.tr\/?post_type=product&#038;p=9501"},"modified":"2025-04-21T22:19:49","modified_gmt":"2025-04-21T19:19:49","slug":"premium-edisyon-sonsuz-ask","status":"publish","type":"product","link":"https:\/\/www.newresimtablo.com.tr\/index.php\/product\/premium-edisyon-sonsuz-ask\/","title":{"rendered":"Premium Edisyon \u201cSonsuz A\u015fk\u201d"},"content":{"rendered":"","protected":false},"excerpt":{"rendered":"<p>A\u015fk\u0131n ilk bak\u0131\u015f\u0131, ilk dokunu\u015fu bu tabloda sakl\u0131\u2026<br \/>\n\u201cSonsuz A\u015fk\u201d \u2013 k\u0131rm\u0131z\u0131 g\u00fcllerin romantik ruhuyla haz\u0131rlanm\u0131\u015f \u00f6zel bir koleksiyon par\u00e7as\u0131.<br \/>\nPremium zarafetiyle evinize, duvarlar\u0131n\u0131za a\u015fk gelsin<\/p>\n","protected":false},"featured_media":9506,"comment_status":"open","ping_status":"closed","template":"","meta":{"_crdt_document":""},"product_cat":[209],"product_tag":[219,224,221,218,220,214],"class_list":{"0":"post-9501","1":"product","2":"type-product","3":"status-publish","4":"has-post-thumbnail","6":"product_cat-koleksiyon","7":"product_tag-ask-temali-tablo","8":"product_tag-hediyelik-tablo","9":"product_tag-kadinlara-ozel-hediye","10":"product_tag-kirmizi-gul-tablo","11":"product_tag-romantik-duvar-dekoru","12":"product_tag-tablo","15":"instock","16":"sale","17":"taxable","18":"shipping-taxable","19":"purchasable","20":"product-type-simple"},"jetpack_sharing_enabled":true,"_links":{"self":[{"href":"https:\/\/www.newresimtablo.com.tr\/index.php\/wp-json\/wp\/v2\/product\/9501","targetHints":{"allow":["GET"]}}],"collection":[{"href":"https:\/\/www.newresimtablo.com.tr\/index.php\/wp-json\/wp\/v2\/product"}],"about":[{"href":"https:\/\/www.newresimtablo.com.tr\/index.php\/wp-json\/wp\/v2\/types\/product"}],"replies":[{"embeddable":true,"href":"https:\/\/www.newresimtablo.com.tr\/index.php\/wp-json\/wp\/v2\/comments?post=9501"}],"version-history":[{"count":4,"href":"https:\/\/www.newresimtablo.com.tr\/index.php\/wp-json\/wp\/v2\/product\/9501\/revisions"}],"predecessor-version":[{"id":9508,"href":"https:\/\/www.newresimtablo.com.tr\/index.php\/wp-json\/wp\/v2\/product\/9501\/revisions\/9508"}],"wp:featuredmedia":[{"embeddable":true,"href":"https:\/\/www.newresimtablo.com.tr\/index.php\/wp-json\/wp\/v2\/media\/9506"}],"wp:attachment":[{"href":"https:\/\/www.newresimtablo.com.tr\/index.php\/wp-json\/wp\/v2\/media?parent=9501"}],"wp:term":[{"taxonomy":"product_cat","embeddable":true,"href":"https:\/\/www.newresimtablo.com.tr\/index.php\/wp-json\/wp\/v2\/product_cat?post=9501"},{"taxonomy":"product_tag","embeddable":true,"href":"https:\/\/www.newresimtablo.com.tr\/index.php\/wp-json\/wp\/v2\/product_tag?post=9501"}],"curies":[{"name":"wp","href":"https:\/\/api.w.org\/{rel}","templated":true}]}}