{"id":9632,"date":"2025-10-24T20:41:17","date_gmt":"2025-10-24T17:41:17","guid":{"rendered":"https:\/\/www.newresimtablo.com.tr\/?post_type=product&#038;p=9632"},"modified":"2025-10-24T20:41:17","modified_gmt":"2025-10-24T17:41:17","slug":"parlak-zihin","status":"publish","type":"product","link":"https:\/\/www.newresimtablo.com.tr\/index.php\/product\/parlak-zihin\/","title":{"rendered":"Parlak Zihin"},"content":{"rendered":"<h3 data-start=\"169\" data-end=\"224\"> El Eme\u011fiyle Haz\u0131rlanan Premium Kanvas Tablolar<\/h3>\n<p data-start=\"226\" data-end=\"468\">Her bir tablomuz, pamuklu dokusu sayesinde <strong data-start=\"269\" data-end=\"324\">deri benzeri \u015f\u0131k bir g\u00f6r\u00fcn\u00fcme sahip \u00f6zel kanvas bez<\/strong> \u00fczerine haz\u0131rlan\u0131r.<br data-start=\"344\" data-end=\"347\" \/>Kulland\u0131\u011f\u0131m\u0131z <strong data-start=\"361\" data-end=\"397\">ah\u015fap \u015faseler 3 kez f\u0131r\u0131nlanarak<\/strong> uzun \u00f6m\u00fcrl\u00fc, dayan\u0131kl\u0131 ve formunu y\u0131llarca koruyacak hale getirilir.<\/p>\n<p data-start=\"470\" data-end=\"658\">Bask\u0131lar\u0131m\u0131z, <strong data-start=\"484\" data-end=\"519\">HP i\u00e7 mek\u00e2n bask\u0131 makinelerinde<\/strong> y\u00fcksek \u00e7\u00f6z\u00fcn\u00fcrl\u00fckte \u00fcretilir.<br data-start=\"549\" data-end=\"552\" \/>\u00dcretim s\u00fcrecinde <strong data-start=\"569\" data-end=\"608\">hi\u00e7bir kanserojen madde kullan\u0131lmaz<\/strong>, b\u00f6ylece hem do\u011fa hem de insan sa\u011fl\u0131\u011f\u0131 korunur.<\/p>\n<p data-start=\"660\" data-end=\"836\">T\u00fcm tablolar\u0131m\u0131z <strong data-start=\"677\" data-end=\"700\">%100 el i\u015f\u00e7ili\u011fiyle<\/strong>, titizlikle haz\u0131rlan\u0131r ve duvar\u0131n\u0131za as\u0131ld\u0131\u011f\u0131nda fark\u0131n\u0131 ilk bak\u0131\u015fta hissettirir.<br data-start=\"782\" data-end=\"785\" \/>Ger\u00e7ek kaliteyi, sanat\u0131 ve eme\u011fi evinize ta\u015f\u0131y\u0131n.<\/p>\n","protected":false},"excerpt":{"rendered":"<p>El Eme\u011fiyle Haz\u0131rlanan Premium Kanvas Tablolar Her bir tablomuz, pamuklu dokusu sayesinde deri benzeri \u015f\u0131k bir g\u00f6r\u00fcn\u00fcme sahip \u00f6zel kanvas bez \u00fczerine haz\u0131rlan\u0131r.Kulland\u0131\u011f\u0131m\u0131z ah\u015fap \u015faseler 3 kez f\u0131r\u0131nlanarak uzun \u00f6m\u00fcrl\u00fc, dayan\u0131kl\u0131 ve formunu y\u0131llarca koruyacak hale getirilir. Bask\u0131lar\u0131m\u0131z, HP i\u00e7 mek\u00e2n bask\u0131 makinelerinde y\u00fcksek \u00e7\u00f6z\u00fcn\u00fcrl\u00fckte \u00fcretilir.\u00dcretim s\u00fcrecinde hi\u00e7bir kanserojen madde kullan\u0131lmaz, b\u00f6ylece hem do\u011fa hem &hellip; <a href=\"https:\/\/www.newresimtablo.com.tr\/index.php\/product\/parlak-zihin\/\" class=\"more-link\">Continue reading <span class=\"screen-reader-text\">Parlak Zihin<\/span><\/a><\/p>\n","protected":false},"featured_media":9633,"comment_status":"open","ping_status":"closed","template":"","meta":{"_crdt_document":""},"product_cat":[284],"product_tag":[],"class_list":{"0":"post-9632","1":"product","2":"type-product","3":"status-publish","4":"has-post-thumbnail","6":"product_cat-sizin-icin-sectiklerimiz","9":"instock","10":"taxable","11":"shipping-taxable","12":"purchasable","13":"product-type-simple"},"jetpack_sharing_enabled":true,"_links":{"self":[{"href":"https:\/\/www.newresimtablo.com.tr\/index.php\/wp-json\/wp\/v2\/product\/9632","targetHints":{"allow":["GET"]}}],"collection":[{"href":"https:\/\/www.newresimtablo.com.tr\/index.php\/wp-json\/wp\/v2\/product"}],"about":[{"href":"https:\/\/www.newresimtablo.com.tr\/index.php\/wp-json\/wp\/v2\/types\/product"}],"replies":[{"embeddable":true,"href":"https:\/\/www.newresimtablo.com.tr\/index.php\/wp-json\/wp\/v2\/comments?post=9632"}],"version-history":[{"count":1,"href":"https:\/\/www.newresimtablo.com.tr\/index.php\/wp-json\/wp\/v2\/product\/9632\/revisions"}],"predecessor-version":[{"id":9634,"href":"https:\/\/www.newresimtablo.com.tr\/index.php\/wp-json\/wp\/v2\/product\/9632\/revisions\/9634"}],"wp:featuredmedia":[{"embeddable":true,"href":"https:\/\/www.newresimtablo.com.tr\/index.php\/wp-json\/wp\/v2\/media\/9633"}],"wp:attachment":[{"href":"https:\/\/www.newresimtablo.com.tr\/index.php\/wp-json\/wp\/v2\/media?parent=9632"}],"wp:term":[{"taxonomy":"product_cat","embeddable":true,"href":"https:\/\/www.newresimtablo.com.tr\/index.php\/wp-json\/wp\/v2\/product_cat?post=9632"},{"taxonomy":"product_tag","embeddable":true,"href":"https:\/\/www.newresimtablo.com.tr\/index.php\/wp-json\/wp\/v2\/product_tag?post=9632"}],"curies":[{"name":"wp","href":"https:\/\/api.w.org\/{rel}","templated":true}]}}