{"id":9802,"date":"2025-10-24T22:56:59","date_gmt":"2025-10-24T19:56:59","guid":{"rendered":"https:\/\/www.newresimtablo.com.tr\/?post_type=product&#038;p=9802"},"modified":"2025-10-24T22:56:59","modified_gmt":"2025-10-24T19:56:59","slug":"batman-catwomen","status":"publish","type":"product","link":"https:\/\/www.newresimtablo.com.tr\/index.php\/product\/batman-catwomen\/","title":{"rendered":"BATMAN &#038; CATWOMEN"},"content":{"rendered":"<h3 data-start=\"81\" data-end=\"136\"> El Eme\u011fiyle Haz\u0131rlanan Premium Kanvas Tablolar<\/h3>\n<p data-start=\"138\" data-end=\"380\">Her bir tablomuz, <strong data-start=\"156\" data-end=\"236\">pamuklu dokusu sayesinde deri benzeri \u015f\u0131k bir g\u00f6r\u00fcn\u00fcme sahip \u00f6zel kanvas bez<\/strong> \u00fczerine haz\u0131rlan\u0131r.<br data-start=\"256\" data-end=\"259\" \/>Kulland\u0131\u011f\u0131m\u0131z <strong data-start=\"273\" data-end=\"309\">ah\u015fap \u015faseler 3 kez f\u0131r\u0131nlanarak<\/strong> uzun \u00f6m\u00fcrl\u00fc, dayan\u0131kl\u0131 ve formunu y\u0131llarca koruyacak hale getirilir.<\/p>\n<p data-start=\"382\" data-end=\"570\">Bask\u0131lar\u0131m\u0131z, <strong data-start=\"396\" data-end=\"431\">HP i\u00e7 mek\u00e2n bask\u0131 makinelerinde<\/strong> y\u00fcksek \u00e7\u00f6z\u00fcn\u00fcrl\u00fckte \u00fcretilir.<br data-start=\"461\" data-end=\"464\" \/>\u00dcretim s\u00fcrecinde <strong data-start=\"481\" data-end=\"520\">hi\u00e7bir kanserojen madde kullan\u0131lmaz<\/strong>, b\u00f6ylece hem do\u011fa hem de insan sa\u011fl\u0131\u011f\u0131 korunur.<\/p>\n<p data-start=\"572\" data-end=\"748\">T\u00fcm tablolar\u0131m\u0131z <strong data-start=\"589\" data-end=\"612\">%100 el i\u015f\u00e7ili\u011fiyle<\/strong>, titizlikle haz\u0131rlan\u0131r ve duvar\u0131n\u0131za as\u0131ld\u0131\u011f\u0131nda fark\u0131n\u0131 ilk bak\u0131\u015fta hissettirir.<br data-start=\"694\" data-end=\"697\" \/>Ger\u00e7ek kaliteyi, sanat\u0131 ve eme\u011fi evinize ta\u015f\u0131y\u0131n.<\/p>\n<p data-start=\"750\" data-end=\"814\">\ufe0f <strong data-start=\"754\" data-end=\"814\">Farkl\u0131 boyut se\u00e7enekleri i\u00e7in bizimle ileti\u015fime ge\u00e7iniz.<\/strong><\/p>\n","protected":false},"excerpt":{"rendered":"<p>El Eme\u011fiyle Haz\u0131rlanan Premium Kanvas Tablolar Her bir tablomuz, pamuklu dokusu sayesinde deri benzeri \u015f\u0131k bir g\u00f6r\u00fcn\u00fcme sahip \u00f6zel kanvas bez \u00fczerine haz\u0131rlan\u0131r.Kulland\u0131\u011f\u0131m\u0131z ah\u015fap \u015faseler 3 kez f\u0131r\u0131nlanarak uzun \u00f6m\u00fcrl\u00fc, dayan\u0131kl\u0131 ve formunu y\u0131llarca koruyacak hale getirilir. Bask\u0131lar\u0131m\u0131z, HP i\u00e7 mek\u00e2n bask\u0131 makinelerinde y\u00fcksek \u00e7\u00f6z\u00fcn\u00fcrl\u00fckte \u00fcretilir.\u00dcretim s\u00fcrecinde hi\u00e7bir kanserojen madde kullan\u0131lmaz, b\u00f6ylece hem do\u011fa hem &hellip; <a href=\"https:\/\/www.newresimtablo.com.tr\/index.php\/product\/batman-catwomen\/\" class=\"more-link\">Continue reading <span class=\"screen-reader-text\">BATMAN &#038; CATWOMEN<\/span><\/a><\/p>\n","protected":false},"featured_media":9737,"comment_status":"open","ping_status":"closed","template":"","meta":{"_crdt_document":""},"product_cat":[284],"product_tag":[],"class_list":{"0":"post-9802","1":"product","2":"type-product","3":"status-publish","4":"has-post-thumbnail","6":"product_cat-sizin-icin-sectiklerimiz","9":"instock","10":"taxable","11":"shipping-taxable","12":"purchasable","13":"product-type-simple"},"jetpack_sharing_enabled":true,"_links":{"self":[{"href":"https:\/\/www.newresimtablo.com.tr\/index.php\/wp-json\/wp\/v2\/product\/9802","targetHints":{"allow":["GET"]}}],"collection":[{"href":"https:\/\/www.newresimtablo.com.tr\/index.php\/wp-json\/wp\/v2\/product"}],"about":[{"href":"https:\/\/www.newresimtablo.com.tr\/index.php\/wp-json\/wp\/v2\/types\/product"}],"replies":[{"embeddable":true,"href":"https:\/\/www.newresimtablo.com.tr\/index.php\/wp-json\/wp\/v2\/comments?post=9802"}],"version-history":[{"count":1,"href":"https:\/\/www.newresimtablo.com.tr\/index.php\/wp-json\/wp\/v2\/product\/9802\/revisions"}],"predecessor-version":[{"id":9803,"href":"https:\/\/www.newresimtablo.com.tr\/index.php\/wp-json\/wp\/v2\/product\/9802\/revisions\/9803"}],"wp:featuredmedia":[{"embeddable":true,"href":"https:\/\/www.newresimtablo.com.tr\/index.php\/wp-json\/wp\/v2\/media\/9737"}],"wp:attachment":[{"href":"https:\/\/www.newresimtablo.com.tr\/index.php\/wp-json\/wp\/v2\/media?parent=9802"}],"wp:term":[{"taxonomy":"product_cat","embeddable":true,"href":"https:\/\/www.newresimtablo.com.tr\/index.php\/wp-json\/wp\/v2\/product_cat?post=9802"},{"taxonomy":"product_tag","embeddable":true,"href":"https:\/\/www.newresimtablo.com.tr\/index.php\/wp-json\/wp\/v2\/product_tag?post=9802"}],"curies":[{"name":"wp","href":"https:\/\/api.w.org\/{rel}","templated":true}]}}